{"id":729,"date":"2025-05-08T14:15:11","date_gmt":"2025-05-08T13:15:11","guid":{"rendered":"https:\/\/globalforum2025.milanurbanfoodpolicypact.org\/accueil\/"},"modified":"2025-10-12T14:21:00","modified_gmt":"2025-10-12T13:21:00","slug":"accueil","status":"publish","type":"page","link":"https:\/\/globalforum2025.milanurbanfoodpolicypact.org\/es\/","title":{"rendered":"P\u00e1gina de inicio"},"content":{"rendered":"","protected":false},"excerpt":{"rendered":"","protected":false},"author":1,"featured_media":328,"parent":0,"menu_order":0,"comment_status":"closed","ping_status":"closed","template":"homepage.php","meta":{"_acf_changed":false,"inline_featured_image":false,"footnotes":""},"class_list":["post-729","page","type-page","status-publish","has-post-thumbnail","hentry"],"acf":[],"yoast_head":"<!-- This site is optimized with the Yoast SEO plugin v25.9 - https:\/\/yoast.com\/wordpress\/plugins\/seo\/ -->\n<title>MUFPP Global Forum 2025 | Milan Urban Food Policy Pact<\/title>\n<meta name=\"description\" content=\"Foro Global MUFPP 2025: del 14 al 16 de octubre, m\u00e1s de 300 ciudades se re\u00fanen para compartir conocimientos y mejores pr\u00e1cticas sobre pol\u00edticas alimentarias urbanas.\" \/>\n<meta name=\"robots\" content=\"index, follow, max-snippet:-1, max-image-preview:large, max-video-preview:-1\" \/>\n<link rel=\"canonical\" href=\"https:\/\/globalforum2025.milanurbanfoodpolicypact.org\/es\/\" \/>\n<meta property=\"og:locale\" content=\"es_ES\" \/>\n<meta property=\"og:type\" content=\"article\" \/>\n<meta property=\"og:title\" content=\"MUFPP Global Forum 2025 | Milan Urban Food Policy Pact\" \/>\n<meta property=\"og:description\" content=\"Foro Global MUFPP 2025: del 14 al 16 de octubre, m\u00e1s de 300 ciudades se re\u00fanen para compartir conocimientos y mejores pr\u00e1cticas sobre pol\u00edticas alimentarias urbanas.\" \/>\n<meta property=\"og:url\" content=\"https:\/\/globalforum2025.milanurbanfoodpolicypact.org\/es\/\" \/>\n<meta property=\"og:site_name\" content=\"Milan Urban Food Policy Pact\" \/>\n<meta property=\"article:modified_time\" content=\"2025-10-12T13:21:00+00:00\" \/>\n<meta name=\"twitter:card\" content=\"summary_large_image\" \/>\n<meta name=\"twitter:label1\" content=\"Tiempo de lectura\" \/>\n\t<meta name=\"twitter:data1\" content=\"33 minuto\" \/>\n<script type=\"application\/ld+json\" class=\"yoast-schema-graph\">{\"@context\":\"https:\/\/schema.org\",\"@graph\":[{\"@type\":\"WebPage\",\"@id\":\"https:\/\/globalforum2025.milanurbanfoodpolicypact.org\/es\/\",\"url\":\"https:\/\/globalforum2025.milanurbanfoodpolicypact.org\/es\/\",\"name\":\"MUFPP Global Forum 2025 | Milan Urban Food Policy Pact\",\"isPartOf\":{\"@id\":\"https:\/\/globalforum2025.milanurbanfoodpolicypact.org\/es\/#website\"},\"primaryImageOfPage\":{\"@id\":\"https:\/\/globalforum2025.milanurbanfoodpolicypact.org\/es\/#primaryimage\"},\"image\":{\"@id\":\"https:\/\/globalforum2025.milanurbanfoodpolicypact.org\/es\/#primaryimage\"},\"thumbnailUrl\":\"https:\/\/globalforum2025.milanurbanfoodpolicypact.org\/wp-content\/uploads\/2025\/05\/logo-mufpp-gfm25.svg\",\"datePublished\":\"2025-05-08T13:15:11+00:00\",\"dateModified\":\"2025-10-12T13:21:00+00:00\",\"description\":\"Foro Global MUFPP 2025: del 14 al 16 de octubre, m\u00e1s de 300 ciudades se re\u00fanen para compartir conocimientos y mejores pr\u00e1cticas sobre pol\u00edticas alimentarias urbanas.\",\"breadcrumb\":{\"@id\":\"https:\/\/globalforum2025.milanurbanfoodpolicypact.org\/es\/#breadcrumb\"},\"inLanguage\":\"es\",\"potentialAction\":[{\"@type\":\"ReadAction\",\"target\":[\"https:\/\/globalforum2025.milanurbanfoodpolicypact.org\/es\/\"]}]},{\"@type\":\"ImageObject\",\"inLanguage\":\"es\",\"@id\":\"https:\/\/globalforum2025.milanurbanfoodpolicypact.org\/es\/#primaryimage\",\"url\":\"https:\/\/globalforum2025.milanurbanfoodpolicypact.org\/wp-content\/uploads\/2025\/05\/logo-mufpp-gfm25.svg\",\"contentUrl\":\"https:\/\/globalforum2025.milanurbanfoodpolicypact.org\/wp-content\/uploads\/2025\/05\/logo-mufpp-gfm25.svg\",\"width\":1920,\"height\":881,\"caption\":\"MUFPP Global Forum 2025\"},{\"@type\":\"BreadcrumbList\",\"@id\":\"https:\/\/globalforum2025.milanurbanfoodpolicypact.org\/es\/#breadcrumb\",\"itemListElement\":[{\"@type\":\"ListItem\",\"position\":1,\"name\":\"Home\",\"item\":\"https:\/\/globalforum2025.milanurbanfoodpolicypact.org\/es\/\"},{\"@type\":\"ListItem\",\"position\":2,\"name\":\"P\u00e1gina de inicio\"}]},{\"@type\":\"WebSite\",\"@id\":\"https:\/\/globalforum2025.milanurbanfoodpolicypact.org\/es\/#website\",\"url\":\"https:\/\/globalforum2025.milanurbanfoodpolicypact.org\/es\/\",\"name\":\"Global Forum Milano 2015-2025\",\"description\":\"Global Forum Milano 2015-2025\",\"publisher\":{\"@id\":\"https:\/\/globalforum2025.milanurbanfoodpolicypact.org\/es\/#organization\"},\"potentialAction\":[{\"@type\":\"SearchAction\",\"target\":{\"@type\":\"EntryPoint\",\"urlTemplate\":\"https:\/\/globalforum2025.milanurbanfoodpolicypact.org\/es\/?s={search_term_string}\"},\"query-input\":{\"@type\":\"PropertyValueSpecification\",\"valueRequired\":true,\"valueName\":\"search_term_string\"}}],\"inLanguage\":\"es\"},{\"@type\":\"Organization\",\"@id\":\"https:\/\/globalforum2025.milanurbanfoodpolicypact.org\/es\/#organization\",\"name\":\"Global Forum Milano 2015-2025\",\"url\":\"https:\/\/globalforum2025.milanurbanfoodpolicypact.org\/es\/\",\"logo\":{\"@type\":\"ImageObject\",\"inLanguage\":\"es\",\"@id\":\"https:\/\/globalforum2025.milanurbanfoodpolicypact.org\/es\/#\/schema\/logo\/image\/\",\"url\":\"\",\"contentUrl\":\"\",\"caption\":\"Global Forum Milano 2015-2025\"},\"image\":{\"@id\":\"https:\/\/globalforum2025.milanurbanfoodpolicypact.org\/es\/#\/schema\/logo\/image\/\"}}]}<\/script>\n<!-- \/ Yoast SEO plugin. -->","yoast_head_json":{"title":"MUFPP Global Forum 2025 | Milan Urban Food Policy Pact","description":"Foro Global MUFPP 2025: del 14 al 16 de octubre, m\u00e1s de 300 ciudades se re\u00fanen para compartir conocimientos y mejores pr\u00e1cticas sobre pol\u00edticas alimentarias urbanas.","robots":{"index":"index","follow":"follow","max-snippet":"max-snippet:-1","max-image-preview":"max-image-preview:large","max-video-preview":"max-video-preview:-1"},"canonical":"https:\/\/globalforum2025.milanurbanfoodpolicypact.org\/es\/","og_locale":"es_ES","og_type":"article","og_title":"MUFPP Global Forum 2025 | Milan Urban Food Policy Pact","og_description":"Foro Global MUFPP 2025: del 14 al 16 de octubre, m\u00e1s de 300 ciudades se re\u00fanen para compartir conocimientos y mejores pr\u00e1cticas sobre pol\u00edticas alimentarias urbanas.","og_url":"https:\/\/globalforum2025.milanurbanfoodpolicypact.org\/es\/","og_site_name":"Milan Urban Food Policy Pact","article_modified_time":"2025-10-12T13:21:00+00:00","twitter_card":"summary_large_image","twitter_misc":{"Tiempo de lectura":"33 minuto"},"schema":{"@context":"https:\/\/schema.org","@graph":[{"@type":"WebPage","@id":"https:\/\/globalforum2025.milanurbanfoodpolicypact.org\/es\/","url":"https:\/\/globalforum2025.milanurbanfoodpolicypact.org\/es\/","name":"MUFPP Global Forum 2025 | Milan Urban Food Policy Pact","isPartOf":{"@id":"https:\/\/globalforum2025.milanurbanfoodpolicypact.org\/es\/#website"},"primaryImageOfPage":{"@id":"https:\/\/globalforum2025.milanurbanfoodpolicypact.org\/es\/#primaryimage"},"image":{"@id":"https:\/\/globalforum2025.milanurbanfoodpolicypact.org\/es\/#primaryimage"},"thumbnailUrl":"https:\/\/globalforum2025.milanurbanfoodpolicypact.org\/wp-content\/uploads\/2025\/05\/logo-mufpp-gfm25.svg","datePublished":"2025-05-08T13:15:11+00:00","dateModified":"2025-10-12T13:21:00+00:00","description":"Foro Global MUFPP 2025: del 14 al 16 de octubre, m\u00e1s de 300 ciudades se re\u00fanen para compartir conocimientos y mejores pr\u00e1cticas sobre pol\u00edticas alimentarias urbanas.","breadcrumb":{"@id":"https:\/\/globalforum2025.milanurbanfoodpolicypact.org\/es\/#breadcrumb"},"inLanguage":"es","potentialAction":[{"@type":"ReadAction","target":["https:\/\/globalforum2025.milanurbanfoodpolicypact.org\/es\/"]}]},{"@type":"ImageObject","inLanguage":"es","@id":"https:\/\/globalforum2025.milanurbanfoodpolicypact.org\/es\/#primaryimage","url":"https:\/\/globalforum2025.milanurbanfoodpolicypact.org\/wp-content\/uploads\/2025\/05\/logo-mufpp-gfm25.svg","contentUrl":"https:\/\/globalforum2025.milanurbanfoodpolicypact.org\/wp-content\/uploads\/2025\/05\/logo-mufpp-gfm25.svg","width":1920,"height":881,"caption":"MUFPP Global Forum 2025"},{"@type":"BreadcrumbList","@id":"https:\/\/globalforum2025.milanurbanfoodpolicypact.org\/es\/#breadcrumb","itemListElement":[{"@type":"ListItem","position":1,"name":"Home","item":"https:\/\/globalforum2025.milanurbanfoodpolicypact.org\/es\/"},{"@type":"ListItem","position":2,"name":"P\u00e1gina de inicio"}]},{"@type":"WebSite","@id":"https:\/\/globalforum2025.milanurbanfoodpolicypact.org\/es\/#website","url":"https:\/\/globalforum2025.milanurbanfoodpolicypact.org\/es\/","name":"Global Forum Milano 2015-2025","description":"Global Forum Milano 2015-2025","publisher":{"@id":"https:\/\/globalforum2025.milanurbanfoodpolicypact.org\/es\/#organization"},"potentialAction":[{"@type":"SearchAction","target":{"@type":"EntryPoint","urlTemplate":"https:\/\/globalforum2025.milanurbanfoodpolicypact.org\/es\/?s={search_term_string}"},"query-input":{"@type":"PropertyValueSpecification","valueRequired":true,"valueName":"search_term_string"}}],"inLanguage":"es"},{"@type":"Organization","@id":"https:\/\/globalforum2025.milanurbanfoodpolicypact.org\/es\/#organization","name":"Global Forum Milano 2015-2025","url":"https:\/\/globalforum2025.milanurbanfoodpolicypact.org\/es\/","logo":{"@type":"ImageObject","inLanguage":"es","@id":"https:\/\/globalforum2025.milanurbanfoodpolicypact.org\/es\/#\/schema\/logo\/image\/","url":"","contentUrl":"","caption":"Global Forum Milano 2015-2025"},"image":{"@id":"https:\/\/globalforum2025.milanurbanfoodpolicypact.org\/es\/#\/schema\/logo\/image\/"}}]}},"_links":{"self":[{"href":"https:\/\/globalforum2025.milanurbanfoodpolicypact.org\/es\/wp-json\/wp\/v2\/pages\/729","targetHints":{"allow":["GET"]}}],"collection":[{"href":"https:\/\/globalforum2025.milanurbanfoodpolicypact.org\/es\/wp-json\/wp\/v2\/pages"}],"about":[{"href":"https:\/\/globalforum2025.milanurbanfoodpolicypact.org\/es\/wp-json\/wp\/v2\/types\/page"}],"author":[{"embeddable":true,"href":"https:\/\/globalforum2025.milanurbanfoodpolicypact.org\/es\/wp-json\/wp\/v2\/users\/1"}],"replies":[{"embeddable":true,"href":"https:\/\/globalforum2025.milanurbanfoodpolicypact.org\/es\/wp-json\/wp\/v2\/comments?post=729"}],"version-history":[{"count":11,"href":"https:\/\/globalforum2025.milanurbanfoodpolicypact.org\/es\/wp-json\/wp\/v2\/pages\/729\/revisions"}],"predecessor-version":[{"id":6104,"href":"https:\/\/globalforum2025.milanurbanfoodpolicypact.org\/es\/wp-json\/wp\/v2\/pages\/729\/revisions\/6104"}],"wp:featuredmedia":[{"embeddable":true,"href":"https:\/\/globalforum2025.milanurbanfoodpolicypact.org\/es\/wp-json\/wp\/v2\/media\/328"}],"wp:attachment":[{"href":"https:\/\/globalforum2025.milanurbanfoodpolicypact.org\/es\/wp-json\/wp\/v2\/media?parent=729"}],"curies":[{"name":"wp","href":"https:\/\/api.w.org\/{rel}","templated":true}]}}